{"id":551,"date":"2020-11-18T14:42:23","date_gmt":"2020-11-18T13:42:23","guid":{"rendered":"https:\/\/pantomimteatern.se\/?page_id=551"},"modified":"2025-01-03T11:56:08","modified_gmt":"2025-01-03T10:56:08","slug":"boka-workshop","status":"publish","type":"page","link":"https:\/\/pantomimteatern.se\/en\/boka-workshop\/","title":{"rendered":"Booking a workshop"},"content":{"rendered":"<p class=\"has-text-align-left wp-block-paragraph\">H\u00f6r g\u00e4rna av er om ni skulle vilja boka n\u00e5gon av Mimteaterns workshops.<\/p>\n\n\n\n<div style=\"height:32px\" aria-hidden=\"true\" class=\"wp-block-spacer desktop-only\"><\/div>\n\n\n\n<h2 class=\"wp-block-heading\">Send us a message and we will get in touch!<\/h2>\n\n\n<div class=\"wp-block-jetpack-contact-form is-layout-flex wp-container-jetpack-contact-form-is-layout-7f6ac06e wp-block-jetpack-contact-form-is-layout-flex\"><a href=\"https:\/\/pantomimteatern.se\/en\/boka-workshop\/\" target=\"_blank\" rel=\"noopener noreferrer\">Submit a form.<\/a><\/div>","protected":false},"excerpt":{"rendered":"<p>H\u00f6r g\u00e4rna av er om ni skulle vilja boka n\u00e5gon av Mimteaterns workshops. Skicka ett meddelande s\u00e5 h\u00f6r vi av oss!<\/p>","protected":false},"author":194347693,"featured_media":0,"parent":0,"menu_order":0,"comment_status":"closed","ping_status":"closed","template":"","meta":{"_coblocks_attr":"","_coblocks_dimensions":"","_coblocks_responsive_height":"","_coblocks_accordion_ie_support":"","_crdt_document":"","advanced_seo_description":"","jetpack_seo_html_title":"","jetpack_seo_noindex":false,"jetpack_post_was_ever_published":false,"footnotes":""},"class_list":["post-551","page","type-page","status-publish","hentry"],"jetpack_likes_enabled":true,"jetpack_sharing_enabled":true,"jetpack_shortlink":"https:\/\/wp.me\/PcrfRZ-8T","amp_enabled":true,"_links":{"self":[{"href":"https:\/\/pantomimteatern.se\/en\/wp-json\/wp\/v2\/pages\/551","targetHints":{"allow":["GET"]}}],"collection":[{"href":"https:\/\/pantomimteatern.se\/en\/wp-json\/wp\/v2\/pages"}],"about":[{"href":"https:\/\/pantomimteatern.se\/en\/wp-json\/wp\/v2\/types\/page"}],"author":[{"embeddable":true,"href":"https:\/\/pantomimteatern.se\/en\/wp-json\/wp\/v2\/users\/194347693"}],"replies":[{"embeddable":true,"href":"https:\/\/pantomimteatern.se\/en\/wp-json\/wp\/v2\/comments?post=551"}],"version-history":[{"count":10,"href":"https:\/\/pantomimteatern.se\/en\/wp-json\/wp\/v2\/pages\/551\/revisions"}],"predecessor-version":[{"id":4563,"href":"https:\/\/pantomimteatern.se\/en\/wp-json\/wp\/v2\/pages\/551\/revisions\/4563"}],"wp:attachment":[{"href":"https:\/\/pantomimteatern.se\/en\/wp-json\/wp\/v2\/media?parent=551"}],"curies":[{"name":"wp","href":"https:\/\/api.w.org\/{rel}","templated":true}]}}