{"id":594,"date":"2020-11-18T15:40:42","date_gmt":"2020-11-18T14:40:42","guid":{"rendered":"https:\/\/pantomimteatern.se\/?page_id=594"},"modified":"2026-02-05T08:14:07","modified_gmt":"2026-02-05T07:14:07","slug":"personal","status":"publish","type":"page","link":"https:\/\/pantomimteatern.se\/en\/om-oss\/personal\/","title":{"rendered":"The team"},"content":{"rendered":"<div class=\"wp-block-columns is-layout-flex wp-container-core-columns-is-layout-8f761849 wp-block-columns-is-layout-flex\">\n<div class=\"wp-block-column is-layout-flow wp-block-column-is-layout-flow\">\n<figure class=\"wp-block-image size-large\"><img data-recalc-dims=\"1\" loading=\"lazy\" decoding=\"async\" width=\"740\" height=\"987\" data-attachment-id=\"3821\" data-permalink=\"https:\/\/pantomimteatern.se\/en\/om-oss\/personal\/mette\/\" data-orig-file=\"https:\/\/i0.wp.com\/pantomimteatern.se\/wp-content\/uploads\/2024\/03\/Mette.jpeg?fit=961%2C1282&amp;ssl=1\" data-orig-size=\"961,1282\" data-comments-opened=\"1\" data-image-meta=\"{&quot;aperture&quot;:&quot;0&quot;,&quot;credit&quot;:&quot;&quot;,&quot;camera&quot;:&quot;&quot;,&quot;caption&quot;:&quot;&quot;,&quot;created_timestamp&quot;:&quot;0&quot;,&quot;copyright&quot;:&quot;&quot;,&quot;focal_length&quot;:&quot;0&quot;,&quot;iso&quot;:&quot;0&quot;,&quot;shutter_speed&quot;:&quot;0&quot;,&quot;title&quot;:&quot;&quot;,&quot;orientation&quot;:&quot;0&quot;}\" data-image-title=\"Mette af Klint\" data-image-description=\"\" data-image-caption=\"\" data-medium-file=\"https:\/\/i0.wp.com\/pantomimteatern.se\/wp-content\/uploads\/2024\/03\/Mette.jpeg?fit=225%2C300&amp;ssl=1\" data-large-file=\"https:\/\/i0.wp.com\/pantomimteatern.se\/wp-content\/uploads\/2024\/03\/Mette.jpeg?fit=740%2C987&amp;ssl=1\" src=\"https:\/\/i0.wp.com\/pantomimteatern.se\/wp-content\/uploads\/2024\/03\/Mette.jpeg?resize=740%2C987&#038;ssl=1\" alt=\"\" class=\"wp-image-3821\" srcset=\"https:\/\/i0.wp.com\/pantomimteatern.se\/wp-content\/uploads\/2024\/03\/Mette.jpeg?resize=768%2C1025&amp;ssl=1 768w, https:\/\/i0.wp.com\/pantomimteatern.se\/wp-content\/uploads\/2024\/03\/Mette.jpeg?resize=225%2C300&amp;ssl=1 225w, https:\/\/i0.wp.com\/pantomimteatern.se\/wp-content\/uploads\/2024\/03\/Mette.jpeg?resize=9%2C12&amp;ssl=1 9w, https:\/\/i0.wp.com\/pantomimteatern.se\/wp-content\/uploads\/2024\/03\/Mette.jpeg?resize=900%2C1200&amp;ssl=1 900w, https:\/\/i0.wp.com\/pantomimteatern.se\/wp-content\/uploads\/2024\/03\/Mette.jpeg?resize=600%2C800&amp;ssl=1 600w, https:\/\/i0.wp.com\/pantomimteatern.se\/wp-content\/uploads\/2024\/03\/Mette.jpeg?resize=450%2C600&amp;ssl=1 450w, https:\/\/i0.wp.com\/pantomimteatern.se\/wp-content\/uploads\/2024\/03\/Mette.jpeg?resize=300%2C400&amp;ssl=1 300w, https:\/\/i0.wp.com\/pantomimteatern.se\/wp-content\/uploads\/2024\/03\/Mette.jpeg?resize=150%2C200&amp;ssl=1 150w, https:\/\/i0.wp.com\/pantomimteatern.se\/wp-content\/uploads\/2024\/03\/Mette.jpeg?w=961&amp;ssl=1 961w\" sizes=\"auto, (max-width: 740px) 100vw, 740px\" \/><\/figure>\n\n\n\n<p class=\"wp-block-paragraph\"><strong>Mette af Klint<\/strong><br>Verksamhetsledare<\/p>\n<\/div>\n\n\n\n<div class=\"wp-block-column is-layout-flow wp-block-column-is-layout-flow\">\n<figure class=\"wp-block-image size-large is-resized\"><img data-recalc-dims=\"1\" loading=\"lazy\" decoding=\"async\" width=\"682\" height=\"1024\" data-attachment-id=\"1240\" data-permalink=\"https:\/\/pantomimteatern.se\/en\/sara-kander\/\" data-orig-file=\"https:\/\/i0.wp.com\/pantomimteatern.se\/wp-content\/uploads\/2021\/02\/Sara-Kander.png?fit=1066%2C1600&amp;ssl=1\" data-orig-size=\"1066,1600\" data-comments-opened=\"1\" data-image-meta=\"{&quot;aperture&quot;:&quot;0&quot;,&quot;credit&quot;:&quot;&quot;,&quot;camera&quot;:&quot;&quot;,&quot;caption&quot;:&quot;&quot;,&quot;created_timestamp&quot;:&quot;0&quot;,&quot;copyright&quot;:&quot;&quot;,&quot;focal_length&quot;:&quot;0&quot;,&quot;iso&quot;:&quot;0&quot;,&quot;shutter_speed&quot;:&quot;0&quot;,&quot;title&quot;:&quot;&quot;,&quot;orientation&quot;:&quot;0&quot;}\" data-image-title=\"Sara Kander\" data-image-description=\"\" data-image-caption=\"\" data-medium-file=\"https:\/\/i0.wp.com\/pantomimteatern.se\/wp-content\/uploads\/2021\/02\/Sara-Kander.png?fit=200%2C300&amp;ssl=1\" data-large-file=\"https:\/\/i0.wp.com\/pantomimteatern.se\/wp-content\/uploads\/2021\/02\/Sara-Kander.png?fit=682%2C1024&amp;ssl=1\" src=\"https:\/\/i0.wp.com\/pantomimteatern.se\/wp-content\/uploads\/2021\/02\/Sara-Kander.png?resize=6821024&amp;ssl=1\" alt=\"\" class=\"wp-image-1240\" style=\"width:298px;height:auto\" srcset=\"\" sizes=\"auto, (max-width: 682px) 100vw, 682px\" data-srcset=\"\" \/><\/figure>\n\n\n\n<p class=\"wp-block-paragraph\"><strong>Sara Kander<\/strong><br>Konstn\u00e4rlig ledare, scenograf<\/p>\n<\/div>\n\n\n\n<div class=\"wp-block-column is-layout-flow wp-block-column-is-layout-flow\">\n<figure class=\"wp-block-image size-large\"><img data-recalc-dims=\"1\" loading=\"lazy\" decoding=\"async\" width=\"740\" height=\"987\" data-attachment-id=\"4906\" data-permalink=\"https:\/\/pantomimteatern.se\/en\/image00005-1-6\/\" data-orig-file=\"https:\/\/i0.wp.com\/pantomimteatern.se\/wp-content\/uploads\/2025\/04\/image00005-1-2-edited.jpeg?fit=1490%2C1987&amp;ssl=1\" data-orig-size=\"1490,1987\" data-comments-opened=\"1\" data-image-meta=\"{&quot;aperture&quot;:&quot;0&quot;,&quot;credit&quot;:&quot;&quot;,&quot;camera&quot;:&quot;&quot;,&quot;caption&quot;:&quot;&quot;,&quot;created_timestamp&quot;:&quot;0&quot;,&quot;copyright&quot;:&quot;&quot;,&quot;focal_length&quot;:&quot;0&quot;,&quot;iso&quot;:&quot;0&quot;,&quot;shutter_speed&quot;:&quot;0&quot;,&quot;title&quot;:&quot;&quot;,&quot;orientation&quot;:&quot;1&quot;}\" data-image-title=\"image00005-1\" data-image-description=\"\" data-image-caption=\"\" data-medium-file=\"https:\/\/i0.wp.com\/pantomimteatern.se\/wp-content\/uploads\/2025\/04\/image00005-1-2-edited.jpeg?fit=225%2C300&amp;ssl=1\" data-large-file=\"https:\/\/i0.wp.com\/pantomimteatern.se\/wp-content\/uploads\/2025\/04\/image00005-1-2-edited.jpeg?fit=740%2C987&amp;ssl=1\" src=\"https:\/\/i0.wp.com\/pantomimteatern.se\/wp-content\/uploads\/2025\/04\/image00005-1-2-edited.jpeg?resize=740%2C987&#038;ssl=1\" alt=\"\" class=\"wp-image-4906\" srcset=\"https:\/\/i0.wp.com\/pantomimteatern.se\/wp-content\/uploads\/2025\/04\/image00005-1-2-edited.jpeg?w=1490&amp;ssl=1 1490w, https:\/\/i0.wp.com\/pantomimteatern.se\/wp-content\/uploads\/2025\/04\/image00005-1-2-edited.jpeg?resize=225%2C300&amp;ssl=1 225w, https:\/\/i0.wp.com\/pantomimteatern.se\/wp-content\/uploads\/2025\/04\/image00005-1-2-edited.jpeg?resize=768%2C1024&amp;ssl=1 768w, https:\/\/i0.wp.com\/pantomimteatern.se\/wp-content\/uploads\/2025\/04\/image00005-1-2-edited.jpeg?resize=1152%2C1536&amp;ssl=1 1152w, https:\/\/i0.wp.com\/pantomimteatern.se\/wp-content\/uploads\/2025\/04\/image00005-1-2-edited.jpeg?resize=9%2C12&amp;ssl=1 9w, https:\/\/i0.wp.com\/pantomimteatern.se\/wp-content\/uploads\/2025\/04\/image00005-1-2-edited.jpeg?resize=900%2C1200&amp;ssl=1 900w, https:\/\/i0.wp.com\/pantomimteatern.se\/wp-content\/uploads\/2025\/04\/image00005-1-2-edited.jpeg?resize=600%2C800&amp;ssl=1 600w, https:\/\/i0.wp.com\/pantomimteatern.se\/wp-content\/uploads\/2025\/04\/image00005-1-2-edited.jpeg?resize=450%2C600&amp;ssl=1 450w, https:\/\/i0.wp.com\/pantomimteatern.se\/wp-content\/uploads\/2025\/04\/image00005-1-2-edited.jpeg?resize=300%2C400&amp;ssl=1 300w, https:\/\/i0.wp.com\/pantomimteatern.se\/wp-content\/uploads\/2025\/04\/image00005-1-2-edited.jpeg?resize=150%2C200&amp;ssl=1 150w, https:\/\/i0.wp.com\/pantomimteatern.se\/wp-content\/uploads\/2025\/04\/image00005-1-2-edited.jpeg?resize=1200%2C1600&amp;ssl=1 1200w\" sizes=\"auto, (max-width: 740px) 100vw, 740px\" \/><\/figure>\n\n\n\n<p class=\"wp-block-paragraph\"><strong>Julia von Heideken<\/strong><br>S\u00e4ljare\/producent<\/p>\n\n\n\n<p class=\"wp-block-paragraph\"><\/p>\n<\/div>\n<\/div>\n\n\n\n<div class=\"wp-block-columns is-layout-flex wp-container-core-columns-is-layout-8f761849 wp-block-columns-is-layout-flex\">\n<div class=\"wp-block-column is-layout-flow wp-block-column-is-layout-flow\">\n<figure class=\"wp-block-image size-large is-resized\"><img data-recalc-dims=\"1\" loading=\"lazy\" decoding=\"async\" width=\"682\" height=\"1024\" data-attachment-id=\"1234\" data-permalink=\"https:\/\/pantomimteatern.se\/en\/bo-w-lindstrom\/\" data-orig-file=\"https:\/\/i0.wp.com\/pantomimteatern.se\/wp-content\/uploads\/2021\/02\/Bo-W-Lindstrom.png?fit=1066%2C1600&amp;ssl=1\" data-orig-size=\"1066,1600\" data-comments-opened=\"1\" data-image-meta=\"{&quot;aperture&quot;:&quot;0&quot;,&quot;credit&quot;:&quot;&quot;,&quot;camera&quot;:&quot;&quot;,&quot;caption&quot;:&quot;&quot;,&quot;created_timestamp&quot;:&quot;0&quot;,&quot;copyright&quot;:&quot;&quot;,&quot;focal_length&quot;:&quot;0&quot;,&quot;iso&quot;:&quot;0&quot;,&quot;shutter_speed&quot;:&quot;0&quot;,&quot;title&quot;:&quot;&quot;,&quot;orientation&quot;:&quot;0&quot;}\" data-image-title=\"Bo W Lindstr\u00f6m\" data-image-description=\"\" data-image-caption=\"\" data-medium-file=\"https:\/\/i0.wp.com\/pantomimteatern.se\/wp-content\/uploads\/2021\/02\/Bo-W-Lindstrom.png?fit=200%2C300&amp;ssl=1\" data-large-file=\"https:\/\/i0.wp.com\/pantomimteatern.se\/wp-content\/uploads\/2021\/02\/Bo-W-Lindstrom.png?fit=682%2C1024&amp;ssl=1\" src=\"https:\/\/i0.wp.com\/pantomimteatern.se\/wp-content\/uploads\/2021\/02\/Bo-W-Lindstrom.png?resize=6821024&amp;ssl=1\" alt=\"\" class=\"wp-image-1234\" style=\"aspect-ratio:2\/3;object-fit:cover;width:335px;height:auto\" srcset=\"\" sizes=\"auto, (max-width: 682px) 100vw, 682px\" data-srcset=\"\" \/><\/figure>\n\n\n\n<p class=\"wp-block-paragraph\"><strong>Bo Lindstr\u00f6m<\/strong><br>Grundare, sk\u00e5despelare<\/p>\n<\/div>\n\n\n\n<div class=\"wp-block-column is-layout-flow wp-block-column-is-layout-flow\">\n<figure class=\"wp-block-image size-large is-resized\"><img data-recalc-dims=\"1\" loading=\"lazy\" decoding=\"async\" width=\"682\" height=\"1024\" data-attachment-id=\"1238\" data-permalink=\"https:\/\/pantomimteatern.se\/en\/marina-almen\/\" data-orig-file=\"https:\/\/i0.wp.com\/pantomimteatern.se\/wp-content\/uploads\/2021\/02\/Marina-Almen.png?fit=1066%2C1600&amp;ssl=1\" data-orig-size=\"1066,1600\" data-comments-opened=\"1\" data-image-meta=\"{&quot;aperture&quot;:&quot;0&quot;,&quot;credit&quot;:&quot;&quot;,&quot;camera&quot;:&quot;&quot;,&quot;caption&quot;:&quot;&quot;,&quot;created_timestamp&quot;:&quot;0&quot;,&quot;copyright&quot;:&quot;&quot;,&quot;focal_length&quot;:&quot;0&quot;,&quot;iso&quot;:&quot;0&quot;,&quot;shutter_speed&quot;:&quot;0&quot;,&quot;title&quot;:&quot;&quot;,&quot;orientation&quot;:&quot;0&quot;}\" data-image-title=\"Marina Alm\u00e9n\" data-image-description=\"\" data-image-caption=\"\" data-medium-file=\"https:\/\/i0.wp.com\/pantomimteatern.se\/wp-content\/uploads\/2021\/02\/Marina-Almen.png?fit=200%2C300&amp;ssl=1\" data-large-file=\"https:\/\/i0.wp.com\/pantomimteatern.se\/wp-content\/uploads\/2021\/02\/Marina-Almen.png?fit=682%2C1024&amp;ssl=1\" src=\"https:\/\/i0.wp.com\/pantomimteatern.se\/wp-content\/uploads\/2021\/02\/Marina-Almen.png?resize=6821024&amp;ssl=1\" alt=\"\" class=\"wp-image-1238\" style=\"aspect-ratio:2\/3;object-fit:cover;width:335px;height:auto\" srcset=\"\" sizes=\"auto, (max-width: 682px) 100vw, 682px\" data-srcset=\"\" \/><\/figure>\n\n\n\n<p class=\"wp-block-paragraph\"><strong>Marina Alm\u00e9n<\/strong><br>Sk\u00e5despelare, workshopledare<\/p>\n<\/div>\n\n\n\n<div class=\"wp-block-column is-layout-flow wp-block-column-is-layout-flow\">\n<figure class=\"wp-block-image size-large is-resized\"><img data-recalc-dims=\"1\" loading=\"lazy\" decoding=\"async\" width=\"683\" height=\"1024\" data-attachment-id=\"5427\" data-permalink=\"https:\/\/pantomimteatern.se\/en\/om-oss\/personal\/bjorn-sahlin_015_high-res\/\" data-orig-file=\"https:\/\/i0.wp.com\/pantomimteatern.se\/wp-content\/uploads\/2026\/02\/Bjorn-Sahlin_015_high-res.jpg?fit=3658%2C5487&amp;ssl=1\" data-orig-size=\"3658,5487\" data-comments-opened=\"1\" data-image-meta=\"{&quot;aperture&quot;:&quot;8&quot;,&quot;credit&quot;:&quot;&quot;,&quot;camera&quot;:&quot;Canon EOS 5D Mark IV&quot;,&quot;caption&quot;:&quot;&quot;,&quot;created_timestamp&quot;:&quot;1765788956&quot;,&quot;copyright&quot;:&quot;&quot;,&quot;focal_length&quot;:&quot;105&quot;,&quot;iso&quot;:&quot;100&quot;,&quot;shutter_speed&quot;:&quot;0.01&quot;,&quot;title&quot;:&quot;&quot;,&quot;orientation&quot;:&quot;0&quot;}\" data-image-title=\"Bj\u00f6rn Sahlin_015_high res\" data-image-description=\"\" data-image-caption=\"\" data-medium-file=\"https:\/\/i0.wp.com\/pantomimteatern.se\/wp-content\/uploads\/2026\/02\/Bjorn-Sahlin_015_high-res.jpg?fit=200%2C300&amp;ssl=1\" data-large-file=\"https:\/\/i0.wp.com\/pantomimteatern.se\/wp-content\/uploads\/2026\/02\/Bjorn-Sahlin_015_high-res.jpg?fit=683%2C1024&amp;ssl=1\" src=\"https:\/\/i0.wp.com\/pantomimteatern.se\/wp-content\/uploads\/2026\/02\/Bjorn-Sahlin_015_high-res.jpg?resize=683%2C1024&#038;ssl=1\" alt=\"\" class=\"wp-image-5427\" style=\"aspect-ratio:2\/3;object-fit:cover;width:335px\" srcset=\"https:\/\/i0.wp.com\/pantomimteatern.se\/wp-content\/uploads\/2026\/02\/Bjorn-Sahlin_015_high-res.jpg?resize=683%2C1024&amp;ssl=1 683w, https:\/\/i0.wp.com\/pantomimteatern.se\/wp-content\/uploads\/2026\/02\/Bjorn-Sahlin_015_high-res.jpg?resize=200%2C300&amp;ssl=1 200w, https:\/\/i0.wp.com\/pantomimteatern.se\/wp-content\/uploads\/2026\/02\/Bjorn-Sahlin_015_high-res.jpg?resize=768%2C1152&amp;ssl=1 768w, https:\/\/i0.wp.com\/pantomimteatern.se\/wp-content\/uploads\/2026\/02\/Bjorn-Sahlin_015_high-res.jpg?resize=1024%2C1536&amp;ssl=1 1024w, https:\/\/i0.wp.com\/pantomimteatern.se\/wp-content\/uploads\/2026\/02\/Bjorn-Sahlin_015_high-res.jpg?resize=1365%2C2048&amp;ssl=1 1365w, https:\/\/i0.wp.com\/pantomimteatern.se\/wp-content\/uploads\/2026\/02\/Bjorn-Sahlin_015_high-res.jpg?resize=8%2C12&amp;ssl=1 8w, https:\/\/i0.wp.com\/pantomimteatern.se\/wp-content\/uploads\/2026\/02\/Bjorn-Sahlin_015_high-res.jpg?resize=1200%2C1800&amp;ssl=1 1200w, https:\/\/i0.wp.com\/pantomimteatern.se\/wp-content\/uploads\/2026\/02\/Bjorn-Sahlin_015_high-res.jpg?w=1480&amp;ssl=1 1480w, https:\/\/i0.wp.com\/pantomimteatern.se\/wp-content\/uploads\/2026\/02\/Bjorn-Sahlin_015_high-res.jpg?w=2220&amp;ssl=1 2220w\" sizes=\"auto, (max-width: 683px) 100vw, 683px\" \/><\/figure>\n\n\n\n<p class=\"wp-block-paragraph\"><strong>Bj\u00f6rn Sahlin<\/strong><br>Sk\u00e5despelare, workshopledare<\/p>\n<\/div>\n<\/div>\n\n\n\n<div class=\"wp-block-columns is-layout-flex wp-container-core-columns-is-layout-8f761849 wp-block-columns-is-layout-flex\">\n<div class=\"wp-block-column is-layout-flow wp-block-column-is-layout-flow\">\n<figure class=\"wp-block-image size-large is-resized\"><img data-recalc-dims=\"1\" loading=\"lazy\" decoding=\"async\" width=\"682\" height=\"1024\" data-attachment-id=\"3062\" data-permalink=\"https:\/\/pantomimteatern.se\/en\/karu-wallin\/\" data-orig-file=\"https:\/\/i0.wp.com\/pantomimteatern.se\/wp-content\/uploads\/2023\/02\/Karu-Wallin.png?fit=1066%2C1600&amp;ssl=1\" data-orig-size=\"1066,1600\" data-comments-opened=\"1\" data-image-meta=\"{&quot;aperture&quot;:&quot;0&quot;,&quot;credit&quot;:&quot;&quot;,&quot;camera&quot;:&quot;&quot;,&quot;caption&quot;:&quot;&quot;,&quot;created_timestamp&quot;:&quot;0&quot;,&quot;copyright&quot;:&quot;&quot;,&quot;focal_length&quot;:&quot;0&quot;,&quot;iso&quot;:&quot;0&quot;,&quot;shutter_speed&quot;:&quot;0&quot;,&quot;title&quot;:&quot;&quot;,&quot;orientation&quot;:&quot;0&quot;}\" data-image-title=\"Karu-Wallin\" data-image-description=\"\" data-image-caption=\"\" data-medium-file=\"https:\/\/i0.wp.com\/pantomimteatern.se\/wp-content\/uploads\/2023\/02\/Karu-Wallin.png?fit=200%2C300&amp;ssl=1\" data-large-file=\"https:\/\/i0.wp.com\/pantomimteatern.se\/wp-content\/uploads\/2023\/02\/Karu-Wallin.png?fit=682%2C1024&amp;ssl=1\" src=\"https:\/\/i0.wp.com\/pantomimteatern.se\/wp-content\/uploads\/2023\/02\/Karu-Wallin.png?resize=682%2C1024&#038;ssl=1\" alt=\"\" class=\"wp-image-3062\" style=\"width:335px;height:auto\" srcset=\"https:\/\/i0.wp.com\/pantomimteatern.se\/wp-content\/uploads\/2023\/02\/Karu-Wallin.png?resize=682%2C1024&amp;ssl=1 682w, https:\/\/i0.wp.com\/pantomimteatern.se\/wp-content\/uploads\/2023\/02\/Karu-Wallin.png?resize=200%2C300&amp;ssl=1 200w, https:\/\/i0.wp.com\/pantomimteatern.se\/wp-content\/uploads\/2023\/02\/Karu-Wallin.png?resize=768%2C1153&amp;ssl=1 768w, https:\/\/i0.wp.com\/pantomimteatern.se\/wp-content\/uploads\/2023\/02\/Karu-Wallin.png?resize=1023%2C1536&amp;ssl=1 1023w, https:\/\/i0.wp.com\/pantomimteatern.se\/wp-content\/uploads\/2023\/02\/Karu-Wallin.png?resize=8%2C12&amp;ssl=1 8w, https:\/\/i0.wp.com\/pantomimteatern.se\/wp-content\/uploads\/2023\/02\/Karu-Wallin.png?w=1066&amp;ssl=1 1066w\" sizes=\"auto, (max-width: 682px) 100vw, 682px\" \/><\/figure>\n\n\n\n<p class=\"wp-block-paragraph\"><strong>Karu Wallin<\/strong><br>Sk\u00e5despelare, workshopledare<\/p>\n<\/div>\n\n\n\n<div class=\"wp-block-column is-layout-flow wp-block-column-is-layout-flow\">\n<figure class=\"wp-block-image size-large is-resized\"><img data-recalc-dims=\"1\" loading=\"lazy\" decoding=\"async\" width=\"576\" height=\"1024\" data-attachment-id=\"4078\" data-permalink=\"https:\/\/pantomimteatern.se\/en\/om-oss\/personal\/screenshot\/\" data-orig-file=\"https:\/\/i0.wp.com\/pantomimteatern.se\/wp-content\/uploads\/2024\/06\/IMG_7819.jpg?fit=750%2C1334&amp;ssl=1\" data-orig-size=\"750,1334\" data-comments-opened=\"1\" data-image-meta=\"{&quot;aperture&quot;:&quot;0&quot;,&quot;credit&quot;:&quot;&quot;,&quot;camera&quot;:&quot;&quot;,&quot;caption&quot;:&quot;Screenshot&quot;,&quot;created_timestamp&quot;:&quot;1716562438&quot;,&quot;copyright&quot;:&quot;&quot;,&quot;focal_length&quot;:&quot;0&quot;,&quot;iso&quot;:&quot;0&quot;,&quot;shutter_speed&quot;:&quot;0&quot;,&quot;title&quot;:&quot;Screenshot&quot;,&quot;orientation&quot;:&quot;1&quot;}\" data-image-title=\"Screenshot\" data-image-description=\"\" data-image-caption=\"&lt;p&gt;Screenshot&lt;\/p&gt;\" data-medium-file=\"https:\/\/i0.wp.com\/pantomimteatern.se\/wp-content\/uploads\/2024\/06\/IMG_7819.jpg?fit=169%2C300&amp;ssl=1\" data-large-file=\"https:\/\/i0.wp.com\/pantomimteatern.se\/wp-content\/uploads\/2024\/06\/IMG_7819.jpg?fit=576%2C1024&amp;ssl=1\" src=\"https:\/\/i0.wp.com\/pantomimteatern.se\/wp-content\/uploads\/2024\/06\/IMG_7819.jpg?resize=576%2C1024&#038;ssl=1\" alt=\"\" class=\"wp-image-4078\" style=\"width:284px;height:auto\" srcset=\"https:\/\/i0.wp.com\/pantomimteatern.se\/wp-content\/uploads\/2024\/06\/IMG_7819.jpg?resize=576%2C1024&amp;ssl=1 576w, https:\/\/i0.wp.com\/pantomimteatern.se\/wp-content\/uploads\/2024\/06\/IMG_7819.jpg?resize=169%2C300&amp;ssl=1 169w, https:\/\/i0.wp.com\/pantomimteatern.se\/wp-content\/uploads\/2024\/06\/IMG_7819.jpg?resize=7%2C12&amp;ssl=1 7w, https:\/\/i0.wp.com\/pantomimteatern.se\/wp-content\/uploads\/2024\/06\/IMG_7819.jpg?w=750&amp;ssl=1 750w\" sizes=\"auto, (max-width: 576px) 100vw, 576px\" \/><\/figure>\n\n\n\n<p class=\"wp-block-paragraph\"><strong>Ulrika Mannerfelt<\/strong><br>Actor<\/p>\n<\/div>\n\n\n\n<div class=\"wp-block-column is-layout-flow wp-block-column-is-layout-flow\">\n<p class=\"wp-block-paragraph\"><\/p>\n<\/div>\n<\/div>\n\n\n\n<div class=\"wp-block-columns is-layout-flex wp-container-core-columns-is-layout-8f761849 wp-block-columns-is-layout-flex\">\n<div class=\"wp-block-column is-layout-flow wp-block-column-is-layout-flow\">\n<div class=\"wp-block-columns is-layout-flex wp-container-core-columns-is-layout-8f761849 wp-block-columns-is-layout-flex\">\n<div class=\"wp-block-column is-layout-flow wp-block-column-is-layout-flow\"><\/div>\n<\/div>\n<\/div>\n\n\n\n<div class=\"wp-block-column is-layout-flow wp-block-column-is-layout-flow\">\n<div class=\"wp-block-columns is-layout-flex wp-container-core-columns-is-layout-8f761849 wp-block-columns-is-layout-flex\">\n<div class=\"wp-block-column is-layout-flow wp-block-column-is-layout-flow\"><\/div>\n\n\n\n<div class=\"wp-block-column is-layout-flow wp-block-column-is-layout-flow\"><\/div>\n<\/div>\n<\/div>\n<\/div>\n\n\n\n<p class=\"wp-block-paragraph\"><strong><strong>Karu Wallin<\/strong><br><\/strong>Sk\u00e5despelare, workshopledare                                                                         <\/p>\n\n\n\n<p class=\"wp-block-paragraph\"><\/p>\n\n\n\n<p class=\"wp-block-paragraph\"><\/p>\n\n\n\n<h2 id=\"styrelse\" class=\"wp-block-heading\">Board<\/h2>\n\n\n\n<p class=\"wp-block-paragraph\"><strong><span style=\"text-decoration: underline;\">Chairperson<\/span><\/strong><br><strong>Pia Bise<\/strong>, assistant director, OpusEtt<br><strong><span style=\"text-decoration: underline;\">Members<\/span><\/strong><br><strong>Bo W Lindstr\u00f6m<\/strong>, founder of Pantomimteatern, Mime<br><strong>\u00c5sa Hemborg<\/strong>, project developer for teachers\u2019 education and continuing education at UR, Sveriges Utbildningsradio<br><strong>Alexandra Ljungkvist Sj\u00f6lin<\/strong>, l\u00e4rare f\u00f6r nyanl\u00e4nda<br><strong>Nina Wenning<\/strong>, CEO Bankomat AB<\/p>","protected":false},"excerpt":{"rendered":"<p>Mette af KlintVerksamhetsledare Sara KanderKonstn\u00e4rlig ledare, scenograf Julia von HeidekenS\u00e4ljare\/producent Bo Lindstr\u00f6mGrundare, sk\u00e5despelare Marina Alm\u00e9nSk\u00e5despelare, workshopledare Bj\u00f6rn SahlinSk\u00e5despelare, workshopledare Karu WallinSk\u00e5despelare, workshopledare Ulrika MannerfeltSk\u00e5despelare Karu WallinSk\u00e5despelare, workshopledare Styrelse Ordf\u00f6randePia Bise, byr\u00e5chef OpusEttLedam\u00f6terBo W Lindstr\u00f6m, grundare av Pantomimteatern, mimsk\u00e5despelare\u00c5sa Hemborg, projektutvecklare f\u00f6r l\u00e4rarutbildning och fortbildning p\u00e5 UR, Sveriges UtbildningsradioAlexandra Ljungkvist Sj\u00f6lin, l\u00e4rare f\u00f6r nyanl\u00e4ndaNina Wenning, CEO&hellip; <a class=\"more-link\" href=\"https:\/\/pantomimteatern.se\/en\/om-oss\/personal\/\">Continue reading &rarr;<\/a><\/p>","protected":false},"author":194347693,"featured_media":0,"parent":583,"menu_order":0,"comment_status":"closed","ping_status":"closed","template":"","meta":{"_coblocks_attr":"","_coblocks_dimensions":"","_coblocks_responsive_height":"","_coblocks_accordion_ie_support":"","_crdt_document":"","advanced_seo_description":"","jetpack_seo_html_title":"","jetpack_seo_noindex":false,"jetpack_post_was_ever_published":false,"footnotes":""},"class_list":["post-594","page","type-page","status-publish","hentry"],"jetpack_likes_enabled":true,"jetpack_sharing_enabled":true,"jetpack_shortlink":"https:\/\/wp.me\/PcrfRZ-9A","amp_enabled":true,"_links":{"self":[{"href":"https:\/\/pantomimteatern.se\/en\/wp-json\/wp\/v2\/pages\/594","targetHints":{"allow":["GET"]}}],"collection":[{"href":"https:\/\/pantomimteatern.se\/en\/wp-json\/wp\/v2\/pages"}],"about":[{"href":"https:\/\/pantomimteatern.se\/en\/wp-json\/wp\/v2\/types\/page"}],"author":[{"embeddable":true,"href":"https:\/\/pantomimteatern.se\/en\/wp-json\/wp\/v2\/users\/194347693"}],"replies":[{"embeddable":true,"href":"https:\/\/pantomimteatern.se\/en\/wp-json\/wp\/v2\/comments?post=594"}],"version-history":[{"count":99,"href":"https:\/\/pantomimteatern.se\/en\/wp-json\/wp\/v2\/pages\/594\/revisions"}],"predecessor-version":[{"id":5429,"href":"https:\/\/pantomimteatern.se\/en\/wp-json\/wp\/v2\/pages\/594\/revisions\/5429"}],"up":[{"embeddable":true,"href":"https:\/\/pantomimteatern.se\/en\/wp-json\/wp\/v2\/pages\/583"}],"wp:attachment":[{"href":"https:\/\/pantomimteatern.se\/en\/wp-json\/wp\/v2\/media?parent=594"}],"curies":[{"name":"wp","href":"https:\/\/api.w.org\/{rel}","templated":true}]}}