{"id":596,"date":"2020-11-18T15:41:08","date_gmt":"2020-11-18T14:41:08","guid":{"rendered":"https:\/\/pantomimteatern.se\/?page_id=596"},"modified":"2025-01-03T11:54:33","modified_gmt":"2025-01-03T10:54:33","slug":"var-scen-pafageln","status":"publish","type":"page","link":"https:\/\/pantomimteatern.se\/en\/om-oss\/var-scen-pafageln\/","title":{"rendered":"Home stage \u2013 P\u00e5f\u00e5geln"},"content":{"rendered":"<figure class=\"wp-block-image size-large\"><img data-recalc-dims=\"1\" loading=\"lazy\" decoding=\"async\" width=\"740\" height=\"247\" data-attachment-id=\"1152\" data-permalink=\"https:\/\/pantomimteatern.se\/en\/var-scen-pafageln-900x300\/\" data-orig-file=\"https:\/\/i0.wp.com\/pantomimteatern.se\/wp-content\/uploads\/2021\/02\/var-scen-pafageln-900x300-1.png?fit=900%2C300&amp;ssl=1\" data-orig-size=\"900,300\" data-comments-opened=\"1\" data-image-meta=\"{&quot;aperture&quot;:&quot;0&quot;,&quot;credit&quot;:&quot;&quot;,&quot;camera&quot;:&quot;&quot;,&quot;caption&quot;:&quot;&quot;,&quot;created_timestamp&quot;:&quot;0&quot;,&quot;copyright&quot;:&quot;&quot;,&quot;focal_length&quot;:&quot;0&quot;,&quot;iso&quot;:&quot;0&quot;,&quot;shutter_speed&quot;:&quot;0&quot;,&quot;title&quot;:&quot;&quot;,&quot;orientation&quot;:&quot;0&quot;}\" data-image-title=\"v\u00e5r scen-p\u00e5f\u00e5geln-900&amp;#215;300\" data-image-description=\"\" data-image-caption=\"\" data-large-file=\"https:\/\/i0.wp.com\/pantomimteatern.se\/wp-content\/uploads\/2021\/02\/var-scen-pafageln-900x300-1.png?fit=740%2C247&amp;ssl=1\" src=\"https:\/\/i0.wp.com\/pantomimteatern.se\/wp-content\/uploads\/2021\/02\/var-scen-pafageln-900x300-1.png?resize=740247&amp;ssl=1\" alt=\"\" class=\"wp-image-1152\" srcset=\"\" sizes=\"auto, (max-width: 740px) 100vw, 740px\" data-srcset=\"\" \/><\/figure>\n\n\n\n<p class=\"wp-block-paragraph\">Den gamla biografen p\u00e5 St Eriksgatan 84 har varit Mimteaterns och <a href=\"http:\/\/www.mittiprickteatern.se\/\">Mittiprickteatern\u2019s<\/a> stage since 1994. Both the theatre companies play children's and youth theater and run P\u00e5f\u00e5geln together.<\/p>\n\n\n\n<p class=\"wp-block-paragraph\">Address to the stage: St. Eriksgatan 84<br>Metro station: St. Eriksplan<br>Train station: Odenplan<br>Bus station: St. Eriksplan (bus 3 or 4)<\/p>\n\n\n\n<p class=\"wp-block-paragraph\">The theater has access to a stair-lift and ramp.  We also have space for two wheelchairs in the risers, and a wheelchair-accessible toilet.<\/p>\n\n\n\n<p class=\"wp-block-paragraph\">If you have further questions about accessibility, call us at 08-31 54 64<\/p>","protected":false},"excerpt":{"rendered":"<p>Den gamla biografen p\u00e5 St Eriksgatan 84 har varit Mimteaterns och Mittiprickteaterns teater sedan 1994. De b\u00e5da teatrarna spelar barn- och ungdomsteater och driver P\u00e5f\u00e5geln tillsammans. Adress till scenen: St Eriksgatan 84Tunnelbana: St EriksplanPendelt\u00e5g: OdenplanBuss: St Eriksplan (buss 3, 4) P\u00e5 teatern finns tillg\u00e5ng till trapphiss och ramp. Vi har \u00e4ven plats f\u00f6r tv\u00e5 rullstolar&hellip; <a class=\"more-link\" href=\"https:\/\/pantomimteatern.se\/en\/om-oss\/var-scen-pafageln\/\">Continue reading &rarr;<\/a><\/p>","protected":false},"author":194347693,"featured_media":0,"parent":583,"menu_order":0,"comment_status":"closed","ping_status":"closed","template":"","meta":{"_coblocks_attr":"","_coblocks_dimensions":"","_coblocks_responsive_height":"","_coblocks_accordion_ie_support":"","_crdt_document":"","advanced_seo_description":"","jetpack_seo_html_title":"","jetpack_seo_noindex":false,"jetpack_post_was_ever_published":false,"footnotes":""},"class_list":["post-596","page","type-page","status-publish","hentry"],"jetpack_likes_enabled":true,"jetpack_sharing_enabled":true,"jetpack_shortlink":"https:\/\/wp.me\/PcrfRZ-9C","amp_enabled":true,"_links":{"self":[{"href":"https:\/\/pantomimteatern.se\/en\/wp-json\/wp\/v2\/pages\/596","targetHints":{"allow":["GET"]}}],"collection":[{"href":"https:\/\/pantomimteatern.se\/en\/wp-json\/wp\/v2\/pages"}],"about":[{"href":"https:\/\/pantomimteatern.se\/en\/wp-json\/wp\/v2\/types\/page"}],"author":[{"embeddable":true,"href":"https:\/\/pantomimteatern.se\/en\/wp-json\/wp\/v2\/users\/194347693"}],"replies":[{"embeddable":true,"href":"https:\/\/pantomimteatern.se\/en\/wp-json\/wp\/v2\/comments?post=596"}],"version-history":[{"count":6,"href":"https:\/\/pantomimteatern.se\/en\/wp-json\/wp\/v2\/pages\/596\/revisions"}],"predecessor-version":[{"id":4562,"href":"https:\/\/pantomimteatern.se\/en\/wp-json\/wp\/v2\/pages\/596\/revisions\/4562"}],"up":[{"embeddable":true,"href":"https:\/\/pantomimteatern.se\/en\/wp-json\/wp\/v2\/pages\/583"}],"wp:attachment":[{"href":"https:\/\/pantomimteatern.se\/en\/wp-json\/wp\/v2\/media?parent=596"}],"curies":[{"name":"wp","href":"https:\/\/api.w.org\/{rel}","templated":true}]}}