{"id":598,"date":"2020-11-18T15:41:36","date_gmt":"2020-11-18T14:41:36","guid":{"rendered":"https:\/\/pantomimteatern.se\/?page_id=598"},"modified":"2026-03-09T13:49:56","modified_gmt":"2026-03-09T12:49:56","slug":"barnlordag","status":"publish","type":"page","link":"https:\/\/pantomimteatern.se\/en\/om-oss\/barnlordag\/","title":{"rendered":"Public shows"},"content":{"rendered":"<figure class=\"wp-block-image size-large\"><img data-recalc-dims=\"1\" loading=\"lazy\" decoding=\"async\" width=\"740\" height=\"247\" data-attachment-id=\"1535\" data-permalink=\"https:\/\/pantomimteatern.se\/en\/barnlordag-900x300-2\/\" data-orig-file=\"https:\/\/i0.wp.com\/pantomimteatern.se\/wp-content\/uploads\/2021\/03\/Barnlordag-900x300-2.png?fit=900%2C300&amp;ssl=1\" data-orig-size=\"900,300\" data-comments-opened=\"1\" data-image-meta=\"{&quot;aperture&quot;:&quot;0&quot;,&quot;credit&quot;:&quot;&quot;,&quot;camera&quot;:&quot;&quot;,&quot;caption&quot;:&quot;&quot;,&quot;created_timestamp&quot;:&quot;0&quot;,&quot;copyright&quot;:&quot;&quot;,&quot;focal_length&quot;:&quot;0&quot;,&quot;iso&quot;:&quot;0&quot;,&quot;shutter_speed&quot;:&quot;0&quot;,&quot;title&quot;:&quot;&quot;,&quot;orientation&quot;:&quot;0&quot;}\" data-image-title=\"Barnl\u00f6rdag-900&amp;#215;300-2\" data-image-description=\"\" data-image-caption=\"\" data-large-file=\"https:\/\/i0.wp.com\/pantomimteatern.se\/wp-content\/uploads\/2021\/03\/Barnlordag-900x300-2.png?fit=740%2C247&amp;ssl=1\" src=\"https:\/\/i0.wp.com\/pantomimteatern.se\/wp-content\/uploads\/2021\/03\/Barnlordag-900x300-2.png?resize=740247&amp;ssl=1\" alt=\"\" class=\"wp-image-1535\" srcset=\"\" sizes=\"auto, (max-width: 740px) 100vw, 740px\" data-srcset=\"\" \/><\/figure>\n\n\n\n<p class=\"wp-block-paragraph\">Mimteatern och <a href=\"http:\/\/www.mittiprickteatern.se\/\" data-type=\"URL\" data-id=\"http:\/\/www.mittiprickteatern.se\" target=\"_blank\" rel=\"noreferrer noopener\">Mittiprickteatern<\/a> vill att v\u00e5r scen P\u00e5f\u00e5geln ska vara en levande teaterscen! Vi har tillsammans sedan 2009 arrangerat scenkonst f\u00f6r barn och unga p\u00e5 P\u00e5f\u00e5geln.<\/p>\n\n\n\n<p class=\"wp-block-paragraph\">The box office opens one hour before the show begins. Registrations are on arrival.<br>The seats are unnumbered. No admission after the start of the show.<\/p>\n\n\n\n<p class=\"wp-block-paragraph\">There is space for two wheelchairs in the risers - please mention any wheelchair requirement at the time of buying the tickets on kulturbiljetter.se.<\/p>\n\n\n\n<p class=\"wp-block-paragraph\">Barnvagnar kan parkeras i den \u00f6vre foaj\u00e9n under f\u00f6rest\u00e4llningen. Foaj\u00e9n \u00e4r alltid l\u00e5st under f\u00f6rest\u00e4llningarna.<\/p>","protected":false},"excerpt":{"rendered":"<p>Mimteatern och Mittiprickteatern vill att v\u00e5r scen P\u00e5f\u00e5geln ska vara en levande teaterscen! Vi har tillsammans sedan 2009 arrangerat scenkonst f\u00f6r barn och unga p\u00e5 P\u00e5f\u00e5geln. Biljettkassan \u00f6ppnar en timme innan f\u00f6rest\u00e4llningen b\u00f6rjar. Anm\u00e4l dig i kassan vid ankomst.Salongen \u00e4r onumrerad, inget insl\u00e4pp efter f\u00f6rest\u00e4llningens b\u00f6rjan. Plats f\u00f6r rullstol finns i grad\u00e4ngen &#8211; meddela vid&hellip; <a class=\"more-link\" href=\"https:\/\/pantomimteatern.se\/en\/om-oss\/barnlordag\/\">Continue reading &rarr;<\/a><\/p>","protected":false},"author":194347693,"featured_media":0,"parent":583,"menu_order":0,"comment_status":"closed","ping_status":"closed","template":"","meta":{"_coblocks_attr":"","_coblocks_dimensions":"","_coblocks_responsive_height":"","_coblocks_accordion_ie_support":"","_crdt_document":"","advanced_seo_description":"","jetpack_seo_html_title":"","jetpack_seo_noindex":false,"jetpack_post_was_ever_published":false,"footnotes":""},"class_list":["post-598","page","type-page","status-publish","hentry"],"jetpack_likes_enabled":true,"jetpack_sharing_enabled":true,"jetpack_shortlink":"https:\/\/wp.me\/PcrfRZ-9E","amp_enabled":true,"_links":{"self":[{"href":"https:\/\/pantomimteatern.se\/en\/wp-json\/wp\/v2\/pages\/598","targetHints":{"allow":["GET"]}}],"collection":[{"href":"https:\/\/pantomimteatern.se\/en\/wp-json\/wp\/v2\/pages"}],"about":[{"href":"https:\/\/pantomimteatern.se\/en\/wp-json\/wp\/v2\/types\/page"}],"author":[{"embeddable":true,"href":"https:\/\/pantomimteatern.se\/en\/wp-json\/wp\/v2\/users\/194347693"}],"replies":[{"embeddable":true,"href":"https:\/\/pantomimteatern.se\/en\/wp-json\/wp\/v2\/comments?post=598"}],"version-history":[{"count":44,"href":"https:\/\/pantomimteatern.se\/en\/wp-json\/wp\/v2\/pages\/598\/revisions"}],"predecessor-version":[{"id":5508,"href":"https:\/\/pantomimteatern.se\/en\/wp-json\/wp\/v2\/pages\/598\/revisions\/5508"}],"up":[{"embeddable":true,"href":"https:\/\/pantomimteatern.se\/en\/wp-json\/wp\/v2\/pages\/583"}],"wp:attachment":[{"href":"https:\/\/pantomimteatern.se\/en\/wp-json\/wp\/v2\/media?parent=598"}],"curies":[{"name":"wp","href":"https:\/\/api.w.org\/{rel}","templated":true}]}}